{"id":121,"date":"2021-08-03T21:28:41","date_gmt":"2021-08-03T21:28:41","guid":{"rendered":"https:\/\/incane.com\/new\/index.php\/hestia-front\/"},"modified":"2022-05-18T14:35:30","modified_gmt":"2022-05-18T14:35:30","slug":"hestia-front","status":"publish","type":"page","link":"https:\/\/www.incane.com\/","title":{"rendered":"Acreditados por ENAC"},"content":{"rendered":"\n<div class=\"wp-block-image is-style-default\"><figure class=\"alignright size-medium\"><img loading=\"lazy\" decoding=\"async\" width=\"300\" height=\"171\" src=\"https:\/\/www.incane.com\/wp-content\/uploads\/2022\/05\/tiny_WEB_No185-_-LC10.133-copia-300x171.png\" alt=\"\" class=\"wp-image-316\"\/><\/figure><\/div>\n\n\n\n<p>INCANE es una empresa dedicada a la calibraci\u00f3n de equipos de medida con m\u00e1s de 25 a\u00f1os de experiencia, acreditados por ENAC en el \u00e1rea de temperatura, humedad, presi\u00f3n y vac\u00edo.<\/p>\n\n\n\n<ul class=\"wp-block-list\"><li>Aportamos fiabilidad y reconocimiento a los productos y servicios<\/li><li>Ayudamos al control de costes<\/li><li>Mejoramos el sistema de detecci\u00f3n de productos defectuosos<\/li><li>Facilitamos el acceso a nuevos mercados internacionales<\/li><\/ul>\n","protected":false},"excerpt":{"rendered":"<p>INCANE es una empresa dedicada a la calibraci\u00f3n de equipos de medida con m\u00e1s de 25 a\u00f1os de experiencia, acreditados por ENAC en el \u00e1rea de temperatura, humedad, presi\u00f3n y vac\u00edo. Aportamos fiabilidad y reconocimiento a los productos y servicios Ayudamos al control de costes Mejoramos el sistema de detecci\u00f3n [&hellip;]<\/p>\n","protected":false},"author":1,"featured_media":230,"parent":0,"menu_order":0,"comment_status":"closed","ping_status":"closed","template":"","meta":{"footnotes":""},"class_list":["post-121","page","type-page","status-publish","has-post-thumbnail","hentry"],"_links":{"self":[{"href":"https:\/\/www.incane.com\/index.php\/wp-json\/wp\/v2\/pages\/121","targetHints":{"allow":["GET"]}}],"collection":[{"href":"https:\/\/www.incane.com\/index.php\/wp-json\/wp\/v2\/pages"}],"about":[{"href":"https:\/\/www.incane.com\/index.php\/wp-json\/wp\/v2\/types\/page"}],"author":[{"embeddable":true,"href":"https:\/\/www.incane.com\/index.php\/wp-json\/wp\/v2\/users\/1"}],"replies":[{"embeddable":true,"href":"https:\/\/www.incane.com\/index.php\/wp-json\/wp\/v2\/comments?post=121"}],"version-history":[{"count":7,"href":"https:\/\/www.incane.com\/index.php\/wp-json\/wp\/v2\/pages\/121\/revisions"}],"predecessor-version":[{"id":318,"href":"https:\/\/www.incane.com\/index.php\/wp-json\/wp\/v2\/pages\/121\/revisions\/318"}],"wp:featuredmedia":[{"embeddable":true,"href":"https:\/\/www.incane.com\/index.php\/wp-json\/wp\/v2\/media\/230"}],"wp:attachment":[{"href":"https:\/\/www.incane.com\/index.php\/wp-json\/wp\/v2\/media?parent=121"}],"curies":[{"name":"wp","href":"https:\/\/api.w.org\/{rel}","templated":true}]}}